{"id":68291,"date":"2021-01-25T18:20:49","date_gmt":"2021-01-25T17:20:49","guid":{"rendered":"http:\/\/www.foyeruniversel.ca\/boutique\/uncategorized\/modern-flames-foyer-electrique-lineaire-encastrable-44\/"},"modified":"2026-01-07T21:37:18","modified_gmt":"2026-01-07T20:37:18","slug":"modern-flames-44-inches","status":"publish","type":"product","link":"https:\/\/www.foyeruniversel.ca\/en\/boutique\/electric-fireplaces-3\/wallmount-2\/modern-flames-44-inches\/","title":{"rendered":"Modern Flames 44in Recess\/Wallmount Linear Electric Fireplace: Landscape Pro Multi"},"content":{"rendered":"","protected":false},"excerpt":{"rendered":"<p><strong>Landscape Pro Multi (LPM-4416) &#8211; The most versatile electric fireplace from Modern Flames<\/strong><\/p>\n<p>Offering unrivalled customization, the Landscape Pro Multi (LPM-4416) is the flagship model in the Modern Flames range. Available in six sizes (44, 56, 68, 80, 96 et 120 inches), it offers up to 12 installation options to perfectly suit any space.<\/p>\n<p>Thanks to the exclusive Hybrid-FX\u2122 technology, flames, top lighting and ember effects can be controlled independently or synchronized, depending on your preferences. Two-way lighting (top and bottom) creates an immersive ambience, while the modulating heater delivers between 5,000 and 10,000 BTUs, depending on the chosen installation.<\/p>\n<p>This fireplace comes with driftwood logs for a natural, elegant touch, as well as a multifunction remote control. It is also compatible with the Modern Flames app for intuitive Wi-Fi control.<\/p>\n<p>5-year warranty included.<\/p>\n<p><em><strong>Key features<\/strong><\/em><\/p>\n<p>Hybrid-FX\u2122 flame technology<\/p>\n<p>Independent or synchronized control of flames, lighting and embers<\/p>\n<p>Two styles of ember stones included<\/p>\n<p>Panoramic view of entire flame area<\/p>\n<p>Finishing kit included<\/p>\n<p>Variable heating up to 10,000 BTU<\/p>\n<p>Remote control included<\/p>\n<p>Concealed manual controls<\/p>\n<p>Wi-Fi control via Modern Flames app<\/p>\n","protected":false},"featured_media":68156,"template":"","meta":{"_monsterinsights_skip_tracking":false,"_monsterinsights_sitenote_active":false,"_monsterinsights_sitenote_note":"","_monsterinsights_sitenote_category":0},"product_cat":[177,171,175],"product_tag":[],"acf":[],"yoast_head":"<!-- This site is optimized with the Yoast SEO plugin v21.7 - https:\/\/yoast.com\/wordpress\/plugins\/seo\/ -->\n<title>Modern Flames Multi 44&quot; Electric Fireplace<\/title>\n<meta name=\"description\" content=\"Au service du Grand Montr\u00e9al et de ses banlieues depuis 1976, nous nous sp\u00e9cialisons dans la vente, le service et l\u2019installation de po\u00eales, de foyers et de chemin\u00e9es, au bois, au gaz, \u00e0 l\u2019\u00e9thanol et \u00e0 l\u2019\u00e9lectricit\u00e9.\" \/>\n<meta name=\"robots\" content=\"index, follow, max-snippet:-1, max-image-preview:large, max-video-preview:-1\" \/>\n<link rel=\"canonical\" href=\"https:\/\/www.foyeruniversel.ca\/en\/boutique\/electric-fireplaces-3\/wallmount-2\/modern-flames-44-inches\/\" \/>\n<meta property=\"og:locale\" content=\"en_US\" \/>\n<meta property=\"og:type\" content=\"article\" \/>\n<meta property=\"og:title\" content=\"Modern Flames Multi 44&quot; Electric Fireplace\" \/>\n<meta property=\"og:description\" content=\"Au service du Grand Montr\u00e9al et de ses banlieues depuis 1976, nous nous sp\u00e9cialisons dans la vente, le service et l\u2019installation de po\u00eales, de foyers et de chemin\u00e9es, au bois, au gaz, \u00e0 l\u2019\u00e9thanol et \u00e0 l\u2019\u00e9lectricit\u00e9.\" \/>\n<meta property=\"og:url\" content=\"https:\/\/www.foyeruniversel.ca\/en\/boutique\/electric-fireplaces-3\/wallmount-2\/modern-flames-44-inches\/\" \/>\n<meta property=\"og:site_name\" content=\"Foyer Universel\" \/>\n<meta property=\"article:publisher\" content=\"https:\/\/www.facebook.com\/foyeruniverselmtl\" \/>\n<meta property=\"article:modified_time\" content=\"2026-01-07T20:37:18+00:00\" \/>\n<meta property=\"og:image\" content=\"https:\/\/www.foyeruniversel.ca\/wp-content\/uploads\/2021\/01\/testMFpro44_sidecornerJS.jpg\" \/>\n\t<meta property=\"og:image:width\" content=\"645\" \/>\n\t<meta property=\"og:image:height\" content=\"394\" \/>\n\t<meta property=\"og:image:type\" content=\"image\/jpeg\" \/>\n<meta name=\"twitter:card\" content=\"summary_large_image\" \/>\n<meta name=\"twitter:label1\" content=\"Est. reading time\" \/>\n\t<meta name=\"twitter:data1\" content=\"1 minute\" \/>\n<script type=\"application\/ld+json\" class=\"yoast-schema-graph\">{\"@context\":\"https:\/\/schema.org\",\"@graph\":[{\"@type\":\"WebPage\",\"@id\":\"https:\/\/www.foyeruniversel.ca\/en\/boutique\/electric-fireplaces-3\/wallmount-2\/modern-flames-44-inches\/\",\"url\":\"https:\/\/www.foyeruniversel.ca\/en\/boutique\/electric-fireplaces-3\/wallmount-2\/modern-flames-44-inches\/\",\"name\":\"Modern Flames Multi 44\\\" Electric Fireplace\",\"isPartOf\":{\"@id\":\"https:\/\/www.foyeruniversel.ca\/en\/#website\"},\"datePublished\":\"2021-01-25T17:20:49+00:00\",\"dateModified\":\"2026-01-07T20:37:18+00:00\",\"description\":\"Au service du Grand Montr\u00e9al et de ses banlieues depuis 1976, nous nous sp\u00e9cialisons dans la vente, le service et l\u2019installation de po\u00eales, de foyers et de chemin\u00e9es, au bois, au gaz, \u00e0 l\u2019\u00e9thanol et \u00e0 l\u2019\u00e9lectricit\u00e9.\",\"breadcrumb\":{\"@id\":\"https:\/\/www.foyeruniversel.ca\/en\/boutique\/electric-fireplaces-3\/wallmount-2\/modern-flames-44-inches\/#breadcrumb\"},\"inLanguage\":\"en-CA\",\"potentialAction\":[{\"@type\":\"ReadAction\",\"target\":[\"https:\/\/www.foyeruniversel.ca\/en\/boutique\/electric-fireplaces-3\/wallmount-2\/modern-flames-44-inches\/\"]}]},{\"@type\":\"BreadcrumbList\",\"@id\":\"https:\/\/www.foyeruniversel.ca\/en\/boutique\/electric-fireplaces-3\/wallmount-2\/modern-flames-44-inches\/#breadcrumb\",\"itemListElement\":[{\"@type\":\"ListItem\",\"position\":1,\"name\":\"Home\",\"item\":\"https:\/\/www.foyeruniversel.ca\/en\/\"},{\"@type\":\"ListItem\",\"position\":2,\"name\":\"Boutique\",\"item\":\"https:\/\/www.foyeruniversel.ca\/boutique\/\"},{\"@type\":\"ListItem\",\"position\":3,\"name\":\"Modern Flames 44in Recess\/Wallmount Linear Electric Fireplace: Landscape Pro Multi\"}]},{\"@type\":\"WebSite\",\"@id\":\"https:\/\/www.foyeruniversel.ca\/en\/#website\",\"url\":\"https:\/\/www.foyeruniversel.ca\/en\/\",\"name\":\"Foyer Universel\",\"description\":\"La passion des foyers et des po\u00eales!\",\"publisher\":{\"@id\":\"https:\/\/www.foyeruniversel.ca\/en\/#organization\"},\"potentialAction\":[{\"@type\":\"SearchAction\",\"target\":{\"@type\":\"EntryPoint\",\"urlTemplate\":\"https:\/\/www.foyeruniversel.ca\/en\/?s={search_term_string}\"},\"query-input\":\"required name=search_term_string\"}],\"inLanguage\":\"en-CA\"},{\"@type\":\"Organization\",\"@id\":\"https:\/\/www.foyeruniversel.ca\/en\/#organization\",\"name\":\"Foyer Universel\",\"url\":\"https:\/\/www.foyeruniversel.ca\/en\/\",\"logo\":{\"@type\":\"ImageObject\",\"inLanguage\":\"en-CA\",\"@id\":\"https:\/\/www.foyeruniversel.ca\/en\/#\/schema\/logo\/image\/\",\"url\":\"https:\/\/www.foyeruniversel.ca\/wp-content\/uploads\/2021\/10\/Universel_Logo2007_1_site2021.png\",\"contentUrl\":\"https:\/\/www.foyeruniversel.ca\/wp-content\/uploads\/2021\/10\/Universel_Logo2007_1_site2021.png\",\"width\":150,\"height\":59,\"caption\":\"Foyer Universel\"},\"image\":{\"@id\":\"https:\/\/www.foyeruniversel.ca\/en\/#\/schema\/logo\/image\/\"},\"sameAs\":[\"https:\/\/www.facebook.com\/foyeruniverselmtl\",\"https:\/\/ca.linkedin.com\/company\/foyer-universel\",\"https:\/\/www.instagram.com\/foyeruniversel\",\"https:\/\/www.pinterest.ca\/FoyerUniverselMTL\/\"]}]}<\/script>\n<!-- \/ Yoast SEO plugin. -->","yoast_head_json":{"title":"Modern Flames Multi 44\" Electric Fireplace","description":"Au service du Grand Montr\u00e9al et de ses banlieues depuis 1976, nous nous sp\u00e9cialisons dans la vente, le service et l\u2019installation de po\u00eales, de foyers et de chemin\u00e9es, au bois, au gaz, \u00e0 l\u2019\u00e9thanol et \u00e0 l\u2019\u00e9lectricit\u00e9.","robots":{"index":"index","follow":"follow","max-snippet":"max-snippet:-1","max-image-preview":"max-image-preview:large","max-video-preview":"max-video-preview:-1"},"canonical":"https:\/\/www.foyeruniversel.ca\/en\/boutique\/electric-fireplaces-3\/wallmount-2\/modern-flames-44-inches\/","og_locale":"en_US","og_type":"article","og_title":"Modern Flames Multi 44\" Electric Fireplace","og_description":"Au service du Grand Montr\u00e9al et de ses banlieues depuis 1976, nous nous sp\u00e9cialisons dans la vente, le service et l\u2019installation de po\u00eales, de foyers et de chemin\u00e9es, au bois, au gaz, \u00e0 l\u2019\u00e9thanol et \u00e0 l\u2019\u00e9lectricit\u00e9.","og_url":"https:\/\/www.foyeruniversel.ca\/en\/boutique\/electric-fireplaces-3\/wallmount-2\/modern-flames-44-inches\/","og_site_name":"Foyer Universel","article_publisher":"https:\/\/www.facebook.com\/foyeruniverselmtl","article_modified_time":"2026-01-07T20:37:18+00:00","og_image":[{"width":645,"height":394,"url":"https:\/\/www.foyeruniversel.ca\/wp-content\/uploads\/2021\/01\/testMFpro44_sidecornerJS.jpg","type":"image\/jpeg"}],"twitter_card":"summary_large_image","twitter_misc":{"Est. reading time":"1 minute"},"schema":{"@context":"https:\/\/schema.org","@graph":[{"@type":"WebPage","@id":"https:\/\/www.foyeruniversel.ca\/en\/boutique\/electric-fireplaces-3\/wallmount-2\/modern-flames-44-inches\/","url":"https:\/\/www.foyeruniversel.ca\/en\/boutique\/electric-fireplaces-3\/wallmount-2\/modern-flames-44-inches\/","name":"Modern Flames Multi 44\" Electric Fireplace","isPartOf":{"@id":"https:\/\/www.foyeruniversel.ca\/en\/#website"},"datePublished":"2021-01-25T17:20:49+00:00","dateModified":"2026-01-07T20:37:18+00:00","description":"Au service du Grand Montr\u00e9al et de ses banlieues depuis 1976, nous nous sp\u00e9cialisons dans la vente, le service et l\u2019installation de po\u00eales, de foyers et de chemin\u00e9es, au bois, au gaz, \u00e0 l\u2019\u00e9thanol et \u00e0 l\u2019\u00e9lectricit\u00e9.","breadcrumb":{"@id":"https:\/\/www.foyeruniversel.ca\/en\/boutique\/electric-fireplaces-3\/wallmount-2\/modern-flames-44-inches\/#breadcrumb"},"inLanguage":"en-CA","potentialAction":[{"@type":"ReadAction","target":["https:\/\/www.foyeruniversel.ca\/en\/boutique\/electric-fireplaces-3\/wallmount-2\/modern-flames-44-inches\/"]}]},{"@type":"BreadcrumbList","@id":"https:\/\/www.foyeruniversel.ca\/en\/boutique\/electric-fireplaces-3\/wallmount-2\/modern-flames-44-inches\/#breadcrumb","itemListElement":[{"@type":"ListItem","position":1,"name":"Home","item":"https:\/\/www.foyeruniversel.ca\/en\/"},{"@type":"ListItem","position":2,"name":"Boutique","item":"https:\/\/www.foyeruniversel.ca\/boutique\/"},{"@type":"ListItem","position":3,"name":"Modern Flames 44in Recess\/Wallmount Linear Electric Fireplace: Landscape Pro Multi"}]},{"@type":"WebSite","@id":"https:\/\/www.foyeruniversel.ca\/en\/#website","url":"https:\/\/www.foyeruniversel.ca\/en\/","name":"Foyer Universel","description":"La passion des foyers et des po\u00eales!","publisher":{"@id":"https:\/\/www.foyeruniversel.ca\/en\/#organization"},"potentialAction":[{"@type":"SearchAction","target":{"@type":"EntryPoint","urlTemplate":"https:\/\/www.foyeruniversel.ca\/en\/?s={search_term_string}"},"query-input":"required name=search_term_string"}],"inLanguage":"en-CA"},{"@type":"Organization","@id":"https:\/\/www.foyeruniversel.ca\/en\/#organization","name":"Foyer Universel","url":"https:\/\/www.foyeruniversel.ca\/en\/","logo":{"@type":"ImageObject","inLanguage":"en-CA","@id":"https:\/\/www.foyeruniversel.ca\/en\/#\/schema\/logo\/image\/","url":"https:\/\/www.foyeruniversel.ca\/wp-content\/uploads\/2021\/10\/Universel_Logo2007_1_site2021.png","contentUrl":"https:\/\/www.foyeruniversel.ca\/wp-content\/uploads\/2021\/10\/Universel_Logo2007_1_site2021.png","width":150,"height":59,"caption":"Foyer Universel"},"image":{"@id":"https:\/\/www.foyeruniversel.ca\/en\/#\/schema\/logo\/image\/"},"sameAs":["https:\/\/www.facebook.com\/foyeruniverselmtl","https:\/\/ca.linkedin.com\/company\/foyer-universel","https:\/\/www.instagram.com\/foyeruniversel","https:\/\/www.pinterest.ca\/FoyerUniverselMTL\/"]}]}},"_links":{"self":[{"href":"https:\/\/www.foyeruniversel.ca\/en\/wp-json\/wp\/v2\/product\/68291"}],"collection":[{"href":"https:\/\/www.foyeruniversel.ca\/en\/wp-json\/wp\/v2\/product"}],"about":[{"href":"https:\/\/www.foyeruniversel.ca\/en\/wp-json\/wp\/v2\/types\/product"}],"wp:featuredmedia":[{"embeddable":true,"href":"https:\/\/www.foyeruniversel.ca\/en\/wp-json\/wp\/v2\/media\/68156"}],"wp:attachment":[{"href":"https:\/\/www.foyeruniversel.ca\/en\/wp-json\/wp\/v2\/media?parent=68291"}],"wp:term":[{"taxonomy":"product_cat","embeddable":true,"href":"https:\/\/www.foyeruniversel.ca\/en\/wp-json\/wp\/v2\/product_cat?post=68291"},{"taxonomy":"product_tag","embeddable":true,"href":"https:\/\/www.foyeruniversel.ca\/en\/wp-json\/wp\/v2\/product_tag?post=68291"}],"curies":[{"name":"wp","href":"https:\/\/api.w.org\/{rel}","templated":true}]}}