{"id":69550,"date":"2024-04-19T21:10:19","date_gmt":"2024-04-19T20:10:19","guid":{"rendered":"https:\/\/www.foyeruniversel.ca\/?post_type=product&#038;p=69550"},"modified":"2026-03-02T20:50:30","modified_gmt":"2026-03-02T19:50:30","slug":"simplifire-scion-trinity-store-demo-as-is","status":"publish","type":"product","link":"https:\/\/www.foyeruniversel.ca\/en\/boutique\/electric-fireplaces-3\/built-in-firebox-2\/simplifire-scion-trinity-store-demo-as-is\/","title":{"rendered":"Simplifire Linear Electric Fireplace Insert Scion Trinity 43in Multisided (install from 1@3 sides) Liquidation of store demo, mantle included, as is"},"content":{"rendered":"","protected":false},"excerpt":{"rendered":"<h2>Simplifire Linear Electric Fireplace Insert Scion Trinity 43in<br \/>\nMultisided (install from 1@3 sides)<br \/>\n<em>Liquidation of store demo, mantle included, as is (Photos for illustrative purposes only)<\/em><\/h2>\n<h3>Inspiring from any vantage point<\/h3>\n<h3>Create an alluring atmosphere from any angle with the SimpliFire\u00ae Scion Trinity electric fireplace. It adds stunning ambiance in <span style=\"text-decoration: underline;\">three-sided, corner or single-sided<\/span> styles where you can finish your wall in a sleek look.<\/h3>\n<h3>Features<br \/>\nBUILT-IN, FLUSH DESIGN<br \/>\nBring finishing materials up to the edge in a clean look with no visible heat vents or mesh screen.<\/h3>\n<h3>FLEXIBLE INSTALLATION<br \/>\nChoose from three-sided (bay), two-sided (corner) or single-sided configurations.<\/h3>\n<h3>MULTIFUNCTION REMOTE<br \/>\nThermostat, lighting, on\/off control at your fingertips.<\/h3>\n<h3>INCLUDED MEDIA<br \/>\nPick the look you want, from clear crystals or driftwood logs with glowing embers.<\/h3>\n<h3>THERMOSTAT &amp; TIMER<br \/>\nAdjust your fire for the warmth and duration you want, at just pennies an hour.<\/h3>\n<h3>FLAME &amp; EMBER COLORS<br \/>\nTailor each fireside experience with four flame and 13 ember-bed color choices.<\/h3>\n<h3>ADJUSTABLE HEAT<br \/>\nEnjoy year-round with or without heat.<\/h3>\n","protected":false},"featured_media":69558,"template":"","meta":{"_monsterinsights_skip_tracking":false,"_monsterinsights_sitenote_active":false,"_monsterinsights_sitenote_note":"","_monsterinsights_sitenote_category":0},"product_cat":[177,171,396],"product_tag":[],"acf":[],"yoast_head":"<!-- This site is optimized with the Yoast SEO plugin v21.7 - https:\/\/yoast.com\/wordpress\/plugins\/seo\/ -->\n<title>SimpliFire Scion Trinity electric fireplace store demo as is<\/title>\n<meta name=\"description\" content=\"Au service du Grand Montr\u00e9al et banlieues depuis 50 ans, nous nous sp\u00e9cialisons dans la vente, service, installation de po\u00eales et foyers au bois et au gaz.\" \/>\n<meta name=\"robots\" content=\"index, follow, max-snippet:-1, max-image-preview:large, max-video-preview:-1\" \/>\n<link rel=\"canonical\" href=\"https:\/\/www.foyeruniversel.ca\/en\/boutique\/electric-fireplaces-3\/built-in-firebox-2\/simplifire-scion-trinity-store-demo-as-is\/\" \/>\n<meta property=\"og:locale\" content=\"en_US\" \/>\n<meta property=\"og:type\" content=\"article\" \/>\n<meta property=\"og:title\" content=\"SimpliFire Scion Trinity electric fireplace store demo as is\" \/>\n<meta property=\"og:description\" content=\"Au service du Grand Montr\u00e9al et banlieues depuis 50 ans, nous nous sp\u00e9cialisons dans la vente, service, installation de po\u00eales et foyers au bois et au gaz.\" \/>\n<meta property=\"og:url\" content=\"https:\/\/www.foyeruniversel.ca\/en\/boutique\/electric-fireplaces-3\/built-in-firebox-2\/simplifire-scion-trinity-store-demo-as-is\/\" \/>\n<meta property=\"og:site_name\" content=\"Foyer Universel\" \/>\n<meta property=\"article:publisher\" content=\"https:\/\/www.facebook.com\/foyeruniverselmtl\" \/>\n<meta property=\"article:modified_time\" content=\"2026-03-02T19:50:30+00:00\" \/>\n<meta property=\"og:image\" content=\"https:\/\/www.foyeruniversel.ca\/wp-content\/uploads\/2024\/04\/SCT-4_1110x640.jpg\" \/>\n\t<meta property=\"og:image:width\" content=\"1110\" \/>\n\t<meta property=\"og:image:height\" content=\"640\" \/>\n\t<meta property=\"og:image:type\" content=\"image\/jpeg\" \/>\n<meta name=\"twitter:card\" content=\"summary_large_image\" \/>\n<meta name=\"twitter:label1\" content=\"Est. reading time\" \/>\n\t<meta name=\"twitter:data1\" content=\"1 minute\" \/>\n<script type=\"application\/ld+json\" class=\"yoast-schema-graph\">{\"@context\":\"https:\/\/schema.org\",\"@graph\":[{\"@type\":\"WebPage\",\"@id\":\"https:\/\/www.foyeruniversel.ca\/en\/boutique\/electric-fireplaces-3\/built-in-firebox-2\/simplifire-scion-trinity-store-demo-as-is\/\",\"url\":\"https:\/\/www.foyeruniversel.ca\/en\/boutique\/electric-fireplaces-3\/built-in-firebox-2\/simplifire-scion-trinity-store-demo-as-is\/\",\"name\":\"SimpliFire Scion Trinity electric fireplace store demo as is\",\"isPartOf\":{\"@id\":\"https:\/\/www.foyeruniversel.ca\/en\/#website\"},\"datePublished\":\"2024-04-19T20:10:19+00:00\",\"dateModified\":\"2026-03-02T19:50:30+00:00\",\"description\":\"Au service du Grand Montr\u00e9al et banlieues depuis 50 ans, nous nous sp\u00e9cialisons dans la vente, service, installation de po\u00eales et foyers au bois et au gaz.\",\"breadcrumb\":{\"@id\":\"https:\/\/www.foyeruniversel.ca\/en\/boutique\/electric-fireplaces-3\/built-in-firebox-2\/simplifire-scion-trinity-store-demo-as-is\/#breadcrumb\"},\"inLanguage\":\"en-CA\",\"potentialAction\":[{\"@type\":\"ReadAction\",\"target\":[\"https:\/\/www.foyeruniversel.ca\/en\/boutique\/electric-fireplaces-3\/built-in-firebox-2\/simplifire-scion-trinity-store-demo-as-is\/\"]}]},{\"@type\":\"BreadcrumbList\",\"@id\":\"https:\/\/www.foyeruniversel.ca\/en\/boutique\/electric-fireplaces-3\/built-in-firebox-2\/simplifire-scion-trinity-store-demo-as-is\/#breadcrumb\",\"itemListElement\":[{\"@type\":\"ListItem\",\"position\":1,\"name\":\"Home\",\"item\":\"https:\/\/www.foyeruniversel.ca\/en\/\"},{\"@type\":\"ListItem\",\"position\":2,\"name\":\"Boutique\",\"item\":\"https:\/\/www.foyeruniversel.ca\/boutique\/\"},{\"@type\":\"ListItem\",\"position\":3,\"name\":\"Simplifire Linear Electric Fireplace Insert Scion Trinity 43in Multisided (install from 1@3 sides) Liquidation of store demo, mantle included, as is\"}]},{\"@type\":\"WebSite\",\"@id\":\"https:\/\/www.foyeruniversel.ca\/en\/#website\",\"url\":\"https:\/\/www.foyeruniversel.ca\/en\/\",\"name\":\"Foyer Universel\",\"description\":\"La passion des foyers et des po\u00eales!\",\"publisher\":{\"@id\":\"https:\/\/www.foyeruniversel.ca\/en\/#organization\"},\"potentialAction\":[{\"@type\":\"SearchAction\",\"target\":{\"@type\":\"EntryPoint\",\"urlTemplate\":\"https:\/\/www.foyeruniversel.ca\/en\/?s={search_term_string}\"},\"query-input\":\"required name=search_term_string\"}],\"inLanguage\":\"en-CA\"},{\"@type\":\"Organization\",\"@id\":\"https:\/\/www.foyeruniversel.ca\/en\/#organization\",\"name\":\"Foyer Universel\",\"url\":\"https:\/\/www.foyeruniversel.ca\/en\/\",\"logo\":{\"@type\":\"ImageObject\",\"inLanguage\":\"en-CA\",\"@id\":\"https:\/\/www.foyeruniversel.ca\/en\/#\/schema\/logo\/image\/\",\"url\":\"https:\/\/www.foyeruniversel.ca\/wp-content\/uploads\/2021\/10\/Universel_Logo2007_1_site2021.png\",\"contentUrl\":\"https:\/\/www.foyeruniversel.ca\/wp-content\/uploads\/2021\/10\/Universel_Logo2007_1_site2021.png\",\"width\":150,\"height\":59,\"caption\":\"Foyer Universel\"},\"image\":{\"@id\":\"https:\/\/www.foyeruniversel.ca\/en\/#\/schema\/logo\/image\/\"},\"sameAs\":[\"https:\/\/www.facebook.com\/foyeruniverselmtl\",\"https:\/\/ca.linkedin.com\/company\/foyer-universel\",\"https:\/\/www.instagram.com\/foyeruniversel\",\"https:\/\/www.pinterest.ca\/FoyerUniverselMTL\/\"]}]}<\/script>\n<!-- \/ Yoast SEO plugin. -->","yoast_head_json":{"title":"SimpliFire Scion Trinity electric fireplace store demo as is","description":"Au service du Grand Montr\u00e9al et banlieues depuis 50 ans, nous nous sp\u00e9cialisons dans la vente, service, installation de po\u00eales et foyers au bois et au gaz.","robots":{"index":"index","follow":"follow","max-snippet":"max-snippet:-1","max-image-preview":"max-image-preview:large","max-video-preview":"max-video-preview:-1"},"canonical":"https:\/\/www.foyeruniversel.ca\/en\/boutique\/electric-fireplaces-3\/built-in-firebox-2\/simplifire-scion-trinity-store-demo-as-is\/","og_locale":"en_US","og_type":"article","og_title":"SimpliFire Scion Trinity electric fireplace store demo as is","og_description":"Au service du Grand Montr\u00e9al et banlieues depuis 50 ans, nous nous sp\u00e9cialisons dans la vente, service, installation de po\u00eales et foyers au bois et au gaz.","og_url":"https:\/\/www.foyeruniversel.ca\/en\/boutique\/electric-fireplaces-3\/built-in-firebox-2\/simplifire-scion-trinity-store-demo-as-is\/","og_site_name":"Foyer Universel","article_publisher":"https:\/\/www.facebook.com\/foyeruniverselmtl","article_modified_time":"2026-03-02T19:50:30+00:00","og_image":[{"width":1110,"height":640,"url":"https:\/\/www.foyeruniversel.ca\/wp-content\/uploads\/2024\/04\/SCT-4_1110x640.jpg","type":"image\/jpeg"}],"twitter_card":"summary_large_image","twitter_misc":{"Est. reading time":"1 minute"},"schema":{"@context":"https:\/\/schema.org","@graph":[{"@type":"WebPage","@id":"https:\/\/www.foyeruniversel.ca\/en\/boutique\/electric-fireplaces-3\/built-in-firebox-2\/simplifire-scion-trinity-store-demo-as-is\/","url":"https:\/\/www.foyeruniversel.ca\/en\/boutique\/electric-fireplaces-3\/built-in-firebox-2\/simplifire-scion-trinity-store-demo-as-is\/","name":"SimpliFire Scion Trinity electric fireplace store demo as is","isPartOf":{"@id":"https:\/\/www.foyeruniversel.ca\/en\/#website"},"datePublished":"2024-04-19T20:10:19+00:00","dateModified":"2026-03-02T19:50:30+00:00","description":"Au service du Grand Montr\u00e9al et banlieues depuis 50 ans, nous nous sp\u00e9cialisons dans la vente, service, installation de po\u00eales et foyers au bois et au gaz.","breadcrumb":{"@id":"https:\/\/www.foyeruniversel.ca\/en\/boutique\/electric-fireplaces-3\/built-in-firebox-2\/simplifire-scion-trinity-store-demo-as-is\/#breadcrumb"},"inLanguage":"en-CA","potentialAction":[{"@type":"ReadAction","target":["https:\/\/www.foyeruniversel.ca\/en\/boutique\/electric-fireplaces-3\/built-in-firebox-2\/simplifire-scion-trinity-store-demo-as-is\/"]}]},{"@type":"BreadcrumbList","@id":"https:\/\/www.foyeruniversel.ca\/en\/boutique\/electric-fireplaces-3\/built-in-firebox-2\/simplifire-scion-trinity-store-demo-as-is\/#breadcrumb","itemListElement":[{"@type":"ListItem","position":1,"name":"Home","item":"https:\/\/www.foyeruniversel.ca\/en\/"},{"@type":"ListItem","position":2,"name":"Boutique","item":"https:\/\/www.foyeruniversel.ca\/boutique\/"},{"@type":"ListItem","position":3,"name":"Simplifire Linear Electric Fireplace Insert Scion Trinity 43in Multisided (install from 1@3 sides) Liquidation of store demo, mantle included, as is"}]},{"@type":"WebSite","@id":"https:\/\/www.foyeruniversel.ca\/en\/#website","url":"https:\/\/www.foyeruniversel.ca\/en\/","name":"Foyer Universel","description":"La passion des foyers et des po\u00eales!","publisher":{"@id":"https:\/\/www.foyeruniversel.ca\/en\/#organization"},"potentialAction":[{"@type":"SearchAction","target":{"@type":"EntryPoint","urlTemplate":"https:\/\/www.foyeruniversel.ca\/en\/?s={search_term_string}"},"query-input":"required name=search_term_string"}],"inLanguage":"en-CA"},{"@type":"Organization","@id":"https:\/\/www.foyeruniversel.ca\/en\/#organization","name":"Foyer Universel","url":"https:\/\/www.foyeruniversel.ca\/en\/","logo":{"@type":"ImageObject","inLanguage":"en-CA","@id":"https:\/\/www.foyeruniversel.ca\/en\/#\/schema\/logo\/image\/","url":"https:\/\/www.foyeruniversel.ca\/wp-content\/uploads\/2021\/10\/Universel_Logo2007_1_site2021.png","contentUrl":"https:\/\/www.foyeruniversel.ca\/wp-content\/uploads\/2021\/10\/Universel_Logo2007_1_site2021.png","width":150,"height":59,"caption":"Foyer Universel"},"image":{"@id":"https:\/\/www.foyeruniversel.ca\/en\/#\/schema\/logo\/image\/"},"sameAs":["https:\/\/www.facebook.com\/foyeruniverselmtl","https:\/\/ca.linkedin.com\/company\/foyer-universel","https:\/\/www.instagram.com\/foyeruniversel","https:\/\/www.pinterest.ca\/FoyerUniverselMTL\/"]}]}},"_links":{"self":[{"href":"https:\/\/www.foyeruniversel.ca\/en\/wp-json\/wp\/v2\/product\/69550"}],"collection":[{"href":"https:\/\/www.foyeruniversel.ca\/en\/wp-json\/wp\/v2\/product"}],"about":[{"href":"https:\/\/www.foyeruniversel.ca\/en\/wp-json\/wp\/v2\/types\/product"}],"wp:featuredmedia":[{"embeddable":true,"href":"https:\/\/www.foyeruniversel.ca\/en\/wp-json\/wp\/v2\/media\/69558"}],"wp:attachment":[{"href":"https:\/\/www.foyeruniversel.ca\/en\/wp-json\/wp\/v2\/media?parent=69550"}],"wp:term":[{"taxonomy":"product_cat","embeddable":true,"href":"https:\/\/www.foyeruniversel.ca\/en\/wp-json\/wp\/v2\/product_cat?post=69550"},{"taxonomy":"product_tag","embeddable":true,"href":"https:\/\/www.foyeruniversel.ca\/en\/wp-json\/wp\/v2\/product_tag?post=69550"}],"curies":[{"name":"wp","href":"https:\/\/api.w.org\/{rel}","templated":true}]}}