{"id":70526,"date":"2025-07-18T18:58:59","date_gmt":"2025-07-18T17:58:59","guid":{"rendered":"https:\/\/www.foyeruniversel.ca\/boutique\/uncategorized\/kozy-heat-foyer-electrique-lineaire-osseo-serie-e-encastrable-13-cotes-50po-profond-a-partir-de-3299-aussi-dispo-en-64-et-80-po-buches-vendues-separement\/"},"modified":"2025-08-13T22:01:41","modified_gmt":"2025-08-13T21:01:41","slug":"kozy-heat-osseo-lineaire","status":"publish","type":"product","link":"https:\/\/www.foyeruniversel.ca\/en\/boutique\/electric-fireplaces-3\/built-in-firebox-2\/kozy-heat-osseo-lineaire\/","title":{"rendered":"Osseo eSeries Electric Fireplace 50 in (also available in 64 &#038; 80in). Convertible front facing, corner and panoramic bay appliance, (starts at $3299, logs sold separately)"},"content":{"rendered":"","protected":false},"excerpt":{"rendered":"<div class=\"productDetailText\">\n<p>Osseo eSeries Electric Fireplace from Kozy Heat comes in 3 sizes: 50, 64, &#038; 80in.<\/p>\n<p>Design options offer convertible front facing, corner (right or left), and panoramic bay appliance options.<\/p>\n<div class=\"productDetailText\">\n<p>7 downlight accent options, and 13 glowing ember options.<\/p>\n<\/div>\n<p>Traditional or birch (seen here) log sets are sold separately.<\/p>\n<\/div>\n<p>Osseo e50 Viewing area: 15-7\/8 x 49-1\/4 in<br \/>\nOsseo e64 Viewing area: 15-7\/8 x 63 in<br \/>\nOsseo e80 Viewing area: 15-7\/8 x 78-3\/4 in<\/p>\n<p>750W \/ 1500W @ 120V | 5,000 BTUs<br \/>\nPlug-in or hard-wired 120V with energy-saving LED light kits<br \/>\nCrackling log adjustable sound effect<br \/>\nRemote control with Thermostat &#038; timer (30 min. &#8211; 8 HR)<br \/>\nEmber bed colours : choice of 13 colours with 5 intensity levels<br \/>\nAccent lighting Downlight : 7 colours with 5 intensity levels<br \/>\nFlame colours :\u00a0 Amber, Orange or Combination<br \/>\nSmoked glass crystals included.<\/p>\n<p>Other options :<\/p>\n<p>Contour 1pc. Rectangular surround or 4-piece outer trim kit<br \/>\n12pc. Traditional Log Set or 12pc. Birch log set<\/p>\n","protected":false},"featured_media":70521,"template":"","meta":{"_monsterinsights_skip_tracking":false,"_monsterinsights_sitenote_active":false,"_monsterinsights_sitenote_note":"","_monsterinsights_sitenote_category":0},"product_cat":[177,171],"product_tag":[],"acf":[],"yoast_head":"<!-- This site is optimized with the Yoast SEO plugin v21.7 - https:\/\/yoast.com\/wordpress\/plugins\/seo\/ -->\n<title>Osseo eSeries Electric Fireplace<\/title>\n<meta name=\"description\" content=\"Au service du Grand Montr\u00e9al et de ses banlieues depuis 1976, nous nous sp\u00e9cialisons dans la vente, le service et l\u2019installation de po\u00eales, de foyers et de chemin\u00e9es, au bois, au gaz, \u00e0 l\u2019\u00e9thanol et \u00e0 l\u2019\u00e9lectricit\u00e9.\" \/>\n<meta name=\"robots\" content=\"index, follow, max-snippet:-1, max-image-preview:large, max-video-preview:-1\" \/>\n<link rel=\"canonical\" href=\"https:\/\/www.foyeruniversel.ca\/en\/boutique\/electric-fireplaces-3\/built-in-firebox-2\/kozy-heat-osseo-lineaire\/\" \/>\n<meta property=\"og:locale\" content=\"en_US\" \/>\n<meta property=\"og:type\" content=\"article\" \/>\n<meta property=\"og:title\" content=\"Osseo eSeries Electric Fireplace\" \/>\n<meta property=\"og:description\" content=\"Au service du Grand Montr\u00e9al et de ses banlieues depuis 1976, nous nous sp\u00e9cialisons dans la vente, le service et l\u2019installation de po\u00eales, de foyers et de chemin\u00e9es, au bois, au gaz, \u00e0 l\u2019\u00e9thanol et \u00e0 l\u2019\u00e9lectricit\u00e9.\" \/>\n<meta property=\"og:url\" content=\"https:\/\/www.foyeruniversel.ca\/en\/boutique\/electric-fireplaces-3\/built-in-firebox-2\/kozy-heat-osseo-lineaire\/\" \/>\n<meta property=\"og:site_name\" content=\"Foyer Universel\" \/>\n<meta property=\"article:publisher\" content=\"https:\/\/www.facebook.com\/foyeruniverselmtl\" \/>\n<meta property=\"article:modified_time\" content=\"2025-08-13T21:01:41+00:00\" \/>\n<meta property=\"og:image\" content=\"https:\/\/www.foyeruniversel.ca\/wp-content\/uploads\/2025\/07\/OsseoE-Linear-FrontView_Birch-scaled-1.jpg\" \/>\n\t<meta property=\"og:image:width\" content=\"2560\" \/>\n\t<meta property=\"og:image:height\" content=\"2240\" \/>\n\t<meta property=\"og:image:type\" content=\"image\/jpeg\" \/>\n<meta name=\"twitter:card\" content=\"summary_large_image\" \/>\n<meta name=\"twitter:label1\" content=\"Est. reading time\" \/>\n\t<meta name=\"twitter:data1\" content=\"1 minute\" \/>\n<script type=\"application\/ld+json\" class=\"yoast-schema-graph\">{\"@context\":\"https:\/\/schema.org\",\"@graph\":[{\"@type\":\"WebPage\",\"@id\":\"https:\/\/www.foyeruniversel.ca\/en\/boutique\/electric-fireplaces-3\/built-in-firebox-2\/kozy-heat-osseo-lineaire\/\",\"url\":\"https:\/\/www.foyeruniversel.ca\/en\/boutique\/electric-fireplaces-3\/built-in-firebox-2\/kozy-heat-osseo-lineaire\/\",\"name\":\"Osseo eSeries Electric Fireplace\",\"isPartOf\":{\"@id\":\"https:\/\/www.foyeruniversel.ca\/en\/#website\"},\"datePublished\":\"2025-07-18T17:58:59+00:00\",\"dateModified\":\"2025-08-13T21:01:41+00:00\",\"description\":\"Au service du Grand Montr\u00e9al et de ses banlieues depuis 1976, nous nous sp\u00e9cialisons dans la vente, le service et l\u2019installation de po\u00eales, de foyers et de chemin\u00e9es, au bois, au gaz, \u00e0 l\u2019\u00e9thanol et \u00e0 l\u2019\u00e9lectricit\u00e9.\",\"breadcrumb\":{\"@id\":\"https:\/\/www.foyeruniversel.ca\/en\/boutique\/electric-fireplaces-3\/built-in-firebox-2\/kozy-heat-osseo-lineaire\/#breadcrumb\"},\"inLanguage\":\"en-CA\",\"potentialAction\":[{\"@type\":\"ReadAction\",\"target\":[\"https:\/\/www.foyeruniversel.ca\/en\/boutique\/electric-fireplaces-3\/built-in-firebox-2\/kozy-heat-osseo-lineaire\/\"]}]},{\"@type\":\"BreadcrumbList\",\"@id\":\"https:\/\/www.foyeruniversel.ca\/en\/boutique\/electric-fireplaces-3\/built-in-firebox-2\/kozy-heat-osseo-lineaire\/#breadcrumb\",\"itemListElement\":[{\"@type\":\"ListItem\",\"position\":1,\"name\":\"Home\",\"item\":\"https:\/\/www.foyeruniversel.ca\/en\/\"},{\"@type\":\"ListItem\",\"position\":2,\"name\":\"Boutique\",\"item\":\"https:\/\/www.foyeruniversel.ca\/boutique\/\"},{\"@type\":\"ListItem\",\"position\":3,\"name\":\"Osseo eSeries Electric Fireplace 50 in (also available in 64 &#038; 80in). Convertible front facing, corner and panoramic bay appliance, (starts at $3299, logs sold separately)\"}]},{\"@type\":\"WebSite\",\"@id\":\"https:\/\/www.foyeruniversel.ca\/en\/#website\",\"url\":\"https:\/\/www.foyeruniversel.ca\/en\/\",\"name\":\"Foyer Universel\",\"description\":\"La passion des foyers et des po\u00eales!\",\"publisher\":{\"@id\":\"https:\/\/www.foyeruniversel.ca\/en\/#organization\"},\"potentialAction\":[{\"@type\":\"SearchAction\",\"target\":{\"@type\":\"EntryPoint\",\"urlTemplate\":\"https:\/\/www.foyeruniversel.ca\/en\/?s={search_term_string}\"},\"query-input\":\"required name=search_term_string\"}],\"inLanguage\":\"en-CA\"},{\"@type\":\"Organization\",\"@id\":\"https:\/\/www.foyeruniversel.ca\/en\/#organization\",\"name\":\"Foyer Universel\",\"url\":\"https:\/\/www.foyeruniversel.ca\/en\/\",\"logo\":{\"@type\":\"ImageObject\",\"inLanguage\":\"en-CA\",\"@id\":\"https:\/\/www.foyeruniversel.ca\/en\/#\/schema\/logo\/image\/\",\"url\":\"https:\/\/www.foyeruniversel.ca\/wp-content\/uploads\/2021\/10\/Universel_Logo2007_1_site2021.png\",\"contentUrl\":\"https:\/\/www.foyeruniversel.ca\/wp-content\/uploads\/2021\/10\/Universel_Logo2007_1_site2021.png\",\"width\":150,\"height\":59,\"caption\":\"Foyer Universel\"},\"image\":{\"@id\":\"https:\/\/www.foyeruniversel.ca\/en\/#\/schema\/logo\/image\/\"},\"sameAs\":[\"https:\/\/www.facebook.com\/foyeruniverselmtl\",\"https:\/\/ca.linkedin.com\/company\/foyer-universel\",\"https:\/\/www.instagram.com\/foyeruniversel\",\"https:\/\/www.pinterest.ca\/FoyerUniverselMTL\/\"]}]}<\/script>\n<!-- \/ Yoast SEO plugin. -->","yoast_head_json":{"title":"Osseo eSeries Electric Fireplace","description":"Au service du Grand Montr\u00e9al et de ses banlieues depuis 1976, nous nous sp\u00e9cialisons dans la vente, le service et l\u2019installation de po\u00eales, de foyers et de chemin\u00e9es, au bois, au gaz, \u00e0 l\u2019\u00e9thanol et \u00e0 l\u2019\u00e9lectricit\u00e9.","robots":{"index":"index","follow":"follow","max-snippet":"max-snippet:-1","max-image-preview":"max-image-preview:large","max-video-preview":"max-video-preview:-1"},"canonical":"https:\/\/www.foyeruniversel.ca\/en\/boutique\/electric-fireplaces-3\/built-in-firebox-2\/kozy-heat-osseo-lineaire\/","og_locale":"en_US","og_type":"article","og_title":"Osseo eSeries Electric Fireplace","og_description":"Au service du Grand Montr\u00e9al et de ses banlieues depuis 1976, nous nous sp\u00e9cialisons dans la vente, le service et l\u2019installation de po\u00eales, de foyers et de chemin\u00e9es, au bois, au gaz, \u00e0 l\u2019\u00e9thanol et \u00e0 l\u2019\u00e9lectricit\u00e9.","og_url":"https:\/\/www.foyeruniversel.ca\/en\/boutique\/electric-fireplaces-3\/built-in-firebox-2\/kozy-heat-osseo-lineaire\/","og_site_name":"Foyer Universel","article_publisher":"https:\/\/www.facebook.com\/foyeruniverselmtl","article_modified_time":"2025-08-13T21:01:41+00:00","og_image":[{"width":2560,"height":2240,"url":"https:\/\/www.foyeruniversel.ca\/wp-content\/uploads\/2025\/07\/OsseoE-Linear-FrontView_Birch-scaled-1.jpg","type":"image\/jpeg"}],"twitter_card":"summary_large_image","twitter_misc":{"Est. reading time":"1 minute"},"schema":{"@context":"https:\/\/schema.org","@graph":[{"@type":"WebPage","@id":"https:\/\/www.foyeruniversel.ca\/en\/boutique\/electric-fireplaces-3\/built-in-firebox-2\/kozy-heat-osseo-lineaire\/","url":"https:\/\/www.foyeruniversel.ca\/en\/boutique\/electric-fireplaces-3\/built-in-firebox-2\/kozy-heat-osseo-lineaire\/","name":"Osseo eSeries Electric Fireplace","isPartOf":{"@id":"https:\/\/www.foyeruniversel.ca\/en\/#website"},"datePublished":"2025-07-18T17:58:59+00:00","dateModified":"2025-08-13T21:01:41+00:00","description":"Au service du Grand Montr\u00e9al et de ses banlieues depuis 1976, nous nous sp\u00e9cialisons dans la vente, le service et l\u2019installation de po\u00eales, de foyers et de chemin\u00e9es, au bois, au gaz, \u00e0 l\u2019\u00e9thanol et \u00e0 l\u2019\u00e9lectricit\u00e9.","breadcrumb":{"@id":"https:\/\/www.foyeruniversel.ca\/en\/boutique\/electric-fireplaces-3\/built-in-firebox-2\/kozy-heat-osseo-lineaire\/#breadcrumb"},"inLanguage":"en-CA","potentialAction":[{"@type":"ReadAction","target":["https:\/\/www.foyeruniversel.ca\/en\/boutique\/electric-fireplaces-3\/built-in-firebox-2\/kozy-heat-osseo-lineaire\/"]}]},{"@type":"BreadcrumbList","@id":"https:\/\/www.foyeruniversel.ca\/en\/boutique\/electric-fireplaces-3\/built-in-firebox-2\/kozy-heat-osseo-lineaire\/#breadcrumb","itemListElement":[{"@type":"ListItem","position":1,"name":"Home","item":"https:\/\/www.foyeruniversel.ca\/en\/"},{"@type":"ListItem","position":2,"name":"Boutique","item":"https:\/\/www.foyeruniversel.ca\/boutique\/"},{"@type":"ListItem","position":3,"name":"Osseo eSeries Electric Fireplace 50 in (also available in 64 &#038; 80in). Convertible front facing, corner and panoramic bay appliance, (starts at $3299, logs sold separately)"}]},{"@type":"WebSite","@id":"https:\/\/www.foyeruniversel.ca\/en\/#website","url":"https:\/\/www.foyeruniversel.ca\/en\/","name":"Foyer Universel","description":"La passion des foyers et des po\u00eales!","publisher":{"@id":"https:\/\/www.foyeruniversel.ca\/en\/#organization"},"potentialAction":[{"@type":"SearchAction","target":{"@type":"EntryPoint","urlTemplate":"https:\/\/www.foyeruniversel.ca\/en\/?s={search_term_string}"},"query-input":"required name=search_term_string"}],"inLanguage":"en-CA"},{"@type":"Organization","@id":"https:\/\/www.foyeruniversel.ca\/en\/#organization","name":"Foyer Universel","url":"https:\/\/www.foyeruniversel.ca\/en\/","logo":{"@type":"ImageObject","inLanguage":"en-CA","@id":"https:\/\/www.foyeruniversel.ca\/en\/#\/schema\/logo\/image\/","url":"https:\/\/www.foyeruniversel.ca\/wp-content\/uploads\/2021\/10\/Universel_Logo2007_1_site2021.png","contentUrl":"https:\/\/www.foyeruniversel.ca\/wp-content\/uploads\/2021\/10\/Universel_Logo2007_1_site2021.png","width":150,"height":59,"caption":"Foyer Universel"},"image":{"@id":"https:\/\/www.foyeruniversel.ca\/en\/#\/schema\/logo\/image\/"},"sameAs":["https:\/\/www.facebook.com\/foyeruniverselmtl","https:\/\/ca.linkedin.com\/company\/foyer-universel","https:\/\/www.instagram.com\/foyeruniversel","https:\/\/www.pinterest.ca\/FoyerUniverselMTL\/"]}]}},"_links":{"self":[{"href":"https:\/\/www.foyeruniversel.ca\/en\/wp-json\/wp\/v2\/product\/70526"}],"collection":[{"href":"https:\/\/www.foyeruniversel.ca\/en\/wp-json\/wp\/v2\/product"}],"about":[{"href":"https:\/\/www.foyeruniversel.ca\/en\/wp-json\/wp\/v2\/types\/product"}],"wp:featuredmedia":[{"embeddable":true,"href":"https:\/\/www.foyeruniversel.ca\/en\/wp-json\/wp\/v2\/media\/70521"}],"wp:attachment":[{"href":"https:\/\/www.foyeruniversel.ca\/en\/wp-json\/wp\/v2\/media?parent=70526"}],"wp:term":[{"taxonomy":"product_cat","embeddable":true,"href":"https:\/\/www.foyeruniversel.ca\/en\/wp-json\/wp\/v2\/product_cat?post=70526"},{"taxonomy":"product_tag","embeddable":true,"href":"https:\/\/www.foyeruniversel.ca\/en\/wp-json\/wp\/v2\/product_tag?post=70526"}],"curies":[{"name":"wp","href":"https:\/\/api.w.org\/{rel}","templated":true}]}}